{"id":64,"date":"2025-12-15T16:21:41","date_gmt":"2025-12-15T15:21:41","guid":{"rendered":"https:\/\/delale.bplaced.net\/kroatien\/?page_id=64"},"modified":"2025-12-15T16:24:57","modified_gmt":"2025-12-15T15:24:57","slug":"istrien-das-herz-der-kroatischen-adria","status":"publish","type":"page","link":"https:\/\/delale.bplaced.net\/kroatien\/istrien-das-herz-der-kroatischen-adria\/","title":{"rendered":"Istrien \u2013 Das Herz der kroatischen Adria"},"content":{"rendered":"\n<div class=\"wp-block-group alignfull is-style-section-1\" style=\"min-height:0vh;margin-top:0;margin-bottom:0;padding-top:var(--wp--preset--spacing--70);padding-right:var(--wp--preset--spacing--40);padding-bottom:var(--wp--preset--spacing--70);padding-left:var(--wp--preset--spacing--40)\"><div class=\"wp-block-group__inner-container is-layout-constrained wp-container-core-group-is-layout-0c9c989a wp-block-group-is-layout-constrained\">\n<div class=\"wp-block-group\"><div class=\"wp-block-group__inner-container is-layout-constrained wp-container-core-group-is-layout-346627ba wp-block-group-is-layout-constrained\">\n<h2 class=\"wp-block-heading has-text-align-center has-xx-large-font-size\" style=\"margin-right:0;margin-left:0;padding-right:0;padding-left:0\">Kurz\u00fcberblick<\/h2>\n\n\n\n<p class=\"has-text-align-center is-style-text-annotation\">Istrien ist die gr\u00f6\u00dfte Halbinsel an der Adria und liegt im Nordwesten Kroatiens. Die Region begeistert mit einer einzigartigen Mischung aus mediterranem Flair, historischer Architektur, kristallklarem Meer und einer vielf\u00e4ltigen, gr\u00fcnen Landschaft im Landesinneren.<\/p>\n<\/div><\/div>\n<\/div><\/div>\n\n\n\n<div class=\"wp-block-group alignfull is-style-section-1\" style=\"margin-top:0;margin-bottom:0;padding-top:var(--wp--preset--spacing--80);padding-bottom:var(--wp--preset--spacing--80)\"><div class=\"wp-block-group__inner-container is-layout-constrained wp-block-group-is-layout-constrained\">\n<div class=\"wp-block-columns alignwide is-layout-flex wp-container-core-columns-is-layout-66fad18a wp-block-columns-is-layout-flex\">\n<div class=\"wp-block-column is-layout-flow wp-block-column-is-layout-flow\" style=\"padding-right:var(--wp--preset--spacing--50);flex-basis:45%\">\n<figure class=\"wp-block-gallery has-nested-images columns-default is-cropped wp-block-gallery-1 is-layout-flex wp-block-gallery-is-layout-flex\">\n<figure class=\"wp-block-image size-large has-custom-border\" style=\"margin-top:0;margin-bottom:0\"><img loading=\"lazy\" decoding=\"async\" width=\"500\" height=\"525\" data-id=\"65\" src=\"https:\/\/delale.bplaced.net\/kroatien\/wp-content\/uploads\/2025\/12\/Karte_Istrien_de.png\" alt=\"\" class=\"wp-image-65\" style=\"border-style:none;border-width:0em;border-top-left-radius:25px;border-top-right-radius:25px;border-bottom-left-radius:25px;border-bottom-right-radius:25px\" srcset=\"https:\/\/delale.bplaced.net\/kroatien\/wp-content\/uploads\/2025\/12\/Karte_Istrien_de.png 500w, https:\/\/delale.bplaced.net\/kroatien\/wp-content\/uploads\/2025\/12\/Karte_Istrien_de-286x300.png 286w\" sizes=\"auto, (max-width: 500px) 100vw, 500px\" \/><\/figure>\n\n\n\n<figure class=\"wp-block-image size-large is-resized\" style=\"margin-right:-5vw;margin-left:-5vw\"><img loading=\"lazy\" decoding=\"async\" width=\"1020\" height=\"1024\" data-id=\"40\" src=\"https:\/\/delale.bplaced.net\/kroatien\/wp-content\/uploads\/2025\/12\/krokarte-1020x1024.png\" alt=\"\" class=\"wp-image-40\" srcset=\"https:\/\/delale.bplaced.net\/kroatien\/wp-content\/uploads\/2025\/12\/krokarte-1020x1024.png 1020w, https:\/\/delale.bplaced.net\/kroatien\/wp-content\/uploads\/2025\/12\/krokarte-300x300.png 300w, https:\/\/delale.bplaced.net\/kroatien\/wp-content\/uploads\/2025\/12\/krokarte-150x150.png 150w, https:\/\/delale.bplaced.net\/kroatien\/wp-content\/uploads\/2025\/12\/krokarte-768x771.png 768w, https:\/\/delale.bplaced.net\/kroatien\/wp-content\/uploads\/2025\/12\/krokarte.png 1280w\" sizes=\"auto, (max-width: 1020px) 100vw, 1020px\" \/><\/figure>\n<\/figure>\n\n\n\n<div class=\"wp-block-group\" style=\"margin-top:-12vw\"><div class=\"wp-block-group__inner-container is-layout-constrained wp-block-group-is-layout-constrained\"><\/div><\/div>\n<\/div>\n\n\n\n<div class=\"wp-block-column is-vertically-aligned-center is-layout-flow wp-block-column-is-layout-flow\" style=\"padding-right:0;padding-left:0;flex-basis:50%\">\n<div class=\"wp-block-group is-vertical is-layout-flex wp-container-core-group-is-layout-fe9cc265 wp-block-group-is-layout-flex\">\n<h2 class=\"wp-block-heading is-style-text-annotation\">Lage &amp; Geografie<\/h2>\n<\/div>\n\n\n\n<p class=\"is-style-text-subtitle\">Istrien grenzt an Italien und Slowenien und ist gepr\u00e4gt von einer abwechslungsreichen K\u00fcstenlinie, sanften H\u00fcgeln, Weinbergen, Olivenhainen und dichten W\u00e4ldern. Die Region teilt sich grob in K\u00fcstenistrien und das ruhigere, l\u00e4ndliche Zentralistrien.<\/p>\n<\/div>\n<\/div>\n<\/div><\/div>\n\n\n\n<div class=\"wp-block-group alignfull is-style-section-1\" style=\"margin-top:0;margin-bottom:0;padding-top:var(--wp--preset--spacing--50);padding-bottom:var(--wp--preset--spacing--50)\"><div class=\"wp-block-group__inner-container is-layout-constrained wp-container-core-group-is-layout-ebee8dc1 wp-block-group-is-layout-constrained\">\n<h2 class=\"wp-block-heading alignwide has-text-align-center\">St\u00e4dte &amp; Sehensw\u00fcrdigkeiten<\/h2>\n\n\n\n<div class=\"wp-block-columns alignwide is-layout-flex wp-container-core-columns-is-layout-28f84493 wp-block-columns-is-layout-flex\">\n<div class=\"wp-block-column is-layout-flow wp-block-column-is-layout-flow\">\n<figure class=\"wp-block-image size-full\" style=\"margin-bottom:24px\"><img loading=\"lazy\" decoding=\"async\" width=\"2560\" height=\"1271\" src=\"https:\/\/delale.bplaced.net\/kroatien\/wp-content\/uploads\/2025\/12\/arenapula.jpg\" alt=\"\" class=\"wp-image-47\" style=\"aspect-ratio:4\/3;object-fit:cover\" srcset=\"https:\/\/delale.bplaced.net\/kroatien\/wp-content\/uploads\/2025\/12\/arenapula.jpg 2560w, https:\/\/delale.bplaced.net\/kroatien\/wp-content\/uploads\/2025\/12\/arenapula-300x149.jpg 300w, https:\/\/delale.bplaced.net\/kroatien\/wp-content\/uploads\/2025\/12\/arenapula-1024x508.jpg 1024w, https:\/\/delale.bplaced.net\/kroatien\/wp-content\/uploads\/2025\/12\/arenapula-768x381.jpg 768w, https:\/\/delale.bplaced.net\/kroatien\/wp-content\/uploads\/2025\/12\/arenapula-1536x763.jpg 1536w, https:\/\/delale.bplaced.net\/kroatien\/wp-content\/uploads\/2025\/12\/arenapula-2048x1017.jpg 2048w\" sizes=\"auto, (max-width: 2560px) 100vw, 2560px\" \/><\/figure>\n\n\n\n<h3 class=\"wp-block-heading\">Pula<\/h3>\n\n\n\n<p>Bekannt f\u00fcr das beeindruckende r\u00f6mische Amphitheater<\/p>\n<\/div>\n\n\n\n<div class=\"wp-block-column is-layout-flow wp-block-column-is-layout-flow\">\n<figure class=\"wp-block-image size-full\" style=\"margin-bottom:24px\"><img loading=\"lazy\" decoding=\"async\" width=\"474\" height=\"315\" src=\"https:\/\/delale.bplaced.net\/kroatien\/wp-content\/uploads\/2025\/12\/OIP-2.webp\" alt=\"\" class=\"wp-image-68\" style=\"aspect-ratio:4\/3;object-fit:cover\" srcset=\"https:\/\/delale.bplaced.net\/kroatien\/wp-content\/uploads\/2025\/12\/OIP-2.webp 474w, https:\/\/delale.bplaced.net\/kroatien\/wp-content\/uploads\/2025\/12\/OIP-2-300x199.webp 300w\" sizes=\"auto, (max-width: 474px) 100vw, 474px\" \/><\/figure>\n\n\n\n<h3 class=\"wp-block-heading\">Rovinj<\/h3>\n\n\n\n<p>Romantische Altstadt mit venezianischem Charme<\/p>\n<\/div>\n\n\n\n<div class=\"wp-block-column is-layout-flow wp-block-column-is-layout-flow\">\n<figure class=\"wp-block-image size-full\" style=\"margin-bottom:24px\"><img loading=\"lazy\" decoding=\"async\" width=\"474\" height=\"474\" src=\"https:\/\/delale.bplaced.net\/kroatien\/wp-content\/uploads\/2025\/12\/OIP-1.webp\" alt=\"\" class=\"wp-image-67\" style=\"aspect-ratio:4\/3;object-fit:cover\" srcset=\"https:\/\/delale.bplaced.net\/kroatien\/wp-content\/uploads\/2025\/12\/OIP-1.webp 474w, https:\/\/delale.bplaced.net\/kroatien\/wp-content\/uploads\/2025\/12\/OIP-1-300x300.webp 300w, https:\/\/delale.bplaced.net\/kroatien\/wp-content\/uploads\/2025\/12\/OIP-1-150x150.webp 150w\" sizes=\"auto, (max-width: 474px) 100vw, 474px\" \/><\/figure>\n\n\n\n<h3 class=\"wp-block-heading\">Pore\u010d<\/h3>\n\n\n\n<p>Euphrasius-Basilika (UNESCO-Weltkulturerbe)<\/p>\n<\/div>\n<\/div>\n<\/div><\/div>\n\n\n\n<div class=\"wp-block-group alignfull is-style-section-1\" style=\"margin-top:0;margin-bottom:0;padding-top:var(--wp--preset--spacing--60);padding-bottom:var(--wp--preset--spacing--60)\"><div class=\"wp-block-group__inner-container is-layout-constrained wp-block-group-is-layout-constrained\">\n<div class=\"wp-block-columns alignwide is-layout-flex wp-container-core-columns-is-layout-74b2cda3 wp-block-columns-is-layout-flex\">\n<div class=\"wp-block-column is-layout-flow wp-block-column-is-layout-flow\">\n<div class=\"wp-block-group is-vertical is-content-justification-left is-layout-flex wp-container-core-group-is-layout-7ce391b6 wp-block-group-is-layout-flex\" style=\"min-height:100%\">\n<h2 class=\"wp-block-heading is-style-text-annotation has-x-small-font-size\">Was die Leute sagen<\/h2>\n\n\n\n<blockquote class=\"wp-block-quote is-style-plain has-x-large-font-size is-layout-flow wp-container-core-quote-is-layout-5dafc681 wp-block-quote-is-layout-flow\" style=\"font-style:normal;font-weight:400\">\n<div class=\"wp-block-group is-content-justification-left\" style=\"margin-top:0;margin-bottom:0;padding-top:0;padding-right:0;padding-bottom:0;padding-left:0\"><div class=\"wp-block-group__inner-container is-layout-constrained wp-container-core-group-is-layout-085bd3d9 wp-block-group-is-layout-constrained\">\n<p>Geschichte<\/p>\n\n\n\n<p>Die Geschichte Istriens ist von vielen Kulturen beeinflusst: R\u00f6mer, Venezianer, Habsburger und Italiener haben ihre Spuren hinterlassen. Diese Vielfalt zeigt sich bis heute in Architektur, Sprache, K\u00fcche und Traditionen.<\/p>\n<\/div><\/div>\n<cite>Jo Mulligan <br><sub>Atlanta, GA<\/sub><\/cite><\/blockquote>\n<\/div>\n<\/div>\n\n\n\n<div class=\"wp-block-column is-layout-flow wp-block-column-is-layout-flow\" style=\"padding-top:0;padding-right:0;padding-bottom:0;padding-left:0\">\n<div class=\"wp-block-cover is-repeated wp-duotone-unset-2\" style=\"min-height:616px;aspect-ratio:unset;\"><div class=\"wp-block-cover__image-background wp-image-69 is-repeated\" style=\"background-position:50% 50%;background-image:url(https:\/\/delale.bplaced.net\/kroatien\/wp-content\/uploads\/2025\/12\/w.webp)\"><\/div><span aria-hidden=\"true\" class=\"wp-block-cover__background has-background-dim\"><\/span><div class=\"wp-block-cover__inner-container is-layout-flow wp-block-cover-is-layout-flow\">\n<p class=\"has-text-align-center has-large-font-size\"><strong>Amphitheater<\/strong><\/p>\n<\/div><\/div>\n<\/div>\n<\/div>\n<\/div><\/div>\n\n\n\n<div class=\"wp-block-group alignfull is-style-section-1\" style=\"margin-top:0;margin-bottom:0;padding-top:var(--wp--preset--spacing--60);padding-bottom:var(--wp--preset--spacing--60)\"><div class=\"wp-block-group__inner-container is-layout-constrained wp-block-group-is-layout-constrained\">\n<div style=\"height:var(--wp--preset--spacing--40)\" aria-hidden=\"true\" class=\"wp-block-spacer\"><\/div>\n<\/div><\/div>\n\n\n\n<aside class=\"wp-block-group alignfull is-style-section-3\" style=\"margin-top:0;margin-bottom:0;padding-top:var(--wp--preset--spacing--50);padding-right:var(--wp--preset--spacing--50);padding-bottom:var(--wp--preset--spacing--50);padding-left:var(--wp--preset--spacing--50)\"><div class=\"wp-block-group__inner-container is-layout-constrained wp-container-core-group-is-layout-f0f2a97b wp-block-group-is-layout-constrained\">\n<div class=\"wp-block-group is-vertical is-content-justification-center is-layout-flex wp-container-core-group-is-layout-8778ca4a wp-block-group-is-layout-flex\" style=\"min-height:360px;margin-top:0;margin-bottom:0\">\n<h2 class=\"wp-block-heading has-text-align-center has-xx-large-font-size\">Warum Istrien?<\/h2>\n\n\n\n<p class=\"has-text-align-center is-style-text-subtitle\">Vielf\u00e4ltige Landschaft auf kleinem RaumIdeales Reiseziel f\u00fcr Familien, Paare und Aktivurlauber, Hervorragende K\u00fcche und Weine Authentische Orte abseits des Massentourismus<\/p>\n\n\n\n<p class=\"has-text-align-center is-style-text-subtitle\"><strong>Istrien ist eine Region, die man nicht nur besucht \u2013 sondern erlebt.<\/strong><\/p>\n\n\n\n<div style=\"height:0px\" aria-hidden=\"true\" class=\"wp-block-spacer wp-container-content-62aae154\"><\/div>\n<\/div>\n<\/div><\/aside>\n","protected":false},"excerpt":{"rendered":"<p>Kurz\u00fcberblick Istrien ist die gr\u00f6\u00dfte Halbinsel an der Adria und liegt im Nordwesten Kroatiens. Die Region begeistert mit einer einzigartigen Mischung aus mediterranem Flair, historischer Architektur, kristallklarem Meer und einer vielf\u00e4ltigen, gr\u00fcnen Landschaft im Landesinneren. Lage &amp; Geografie Istrien grenzt an Italien und Slowenien und ist gepr\u00e4gt von einer abwechslungsreichen [&hellip;]<\/p>\n","protected":false},"author":1,"featured_media":71,"parent":0,"menu_order":0,"comment_status":"closed","ping_status":"closed","template":"","meta":{"footnotes":""},"class_list":["post-64","page","type-page","status-publish","has-post-thumbnail","hentry"],"_links":{"self":[{"href":"https:\/\/delale.bplaced.net\/kroatien\/wp-json\/wp\/v2\/pages\/64","targetHints":{"allow":["GET"]}}],"collection":[{"href":"https:\/\/delale.bplaced.net\/kroatien\/wp-json\/wp\/v2\/pages"}],"about":[{"href":"https:\/\/delale.bplaced.net\/kroatien\/wp-json\/wp\/v2\/types\/page"}],"author":[{"embeddable":true,"href":"https:\/\/delale.bplaced.net\/kroatien\/wp-json\/wp\/v2\/users\/1"}],"replies":[{"embeddable":true,"href":"https:\/\/delale.bplaced.net\/kroatien\/wp-json\/wp\/v2\/comments?post=64"}],"version-history":[{"count":1,"href":"https:\/\/delale.bplaced.net\/kroatien\/wp-json\/wp\/v2\/pages\/64\/revisions"}],"predecessor-version":[{"id":70,"href":"https:\/\/delale.bplaced.net\/kroatien\/wp-json\/wp\/v2\/pages\/64\/revisions\/70"}],"wp:featuredmedia":[{"embeddable":true,"href":"https:\/\/delale.bplaced.net\/kroatien\/wp-json\/wp\/v2\/media\/71"}],"wp:attachment":[{"href":"https:\/\/delale.bplaced.net\/kroatien\/wp-json\/wp\/v2\/media?parent=64"}],"curies":[{"name":"wp","href":"https:\/\/api.w.org\/{rel}","templated":true}]}}