{"id":33,"date":"2025-12-01T16:09:29","date_gmt":"2025-12-01T15:09:29","guid":{"rendered":"https:\/\/delale.bplaced.net\/kroatien\/?page_id=33"},"modified":"2026-04-20T13:37:54","modified_gmt":"2026-04-20T11:37:54","slug":"willkommen-dobrodosao","status":"publish","type":"page","link":"https:\/\/delale.bplaced.net\/kroatien\/","title":{"rendered":"Willkommen &#8211; Dobrodosao"},"content":{"rendered":"\n<div class=\"wp-block-media-text alignfull has-media-on-the-right is-stacked-on-mobile\" style=\"border-style:none;border-width:0px;margin-top:0;margin-bottom:0;padding-top:0;padding-right:0;padding-bottom:0;padding-left:0\"><div class=\"wp-block-media-text__content\">\n<p class=\"has-text-align-center has-x-large-font-size\">Kroatien ist ein <strong><em>kleines Land <\/em><\/strong>mit unglaublicher Vielfalt und z\u00e4hlt mit seiner K\u00fcste zu den sch\u00f6nsten und abwechslungsreichsten L\u00e4ndern Europas. Es verzaubert und fasziniert zugleich j\u00e4hrlich Millionen von Besucher:innen.<\/p>\n<\/div><figure class=\"wp-block-media-text__media\"><img loading=\"lazy\" decoding=\"async\" width=\"1024\" height=\"683\" src=\"https:\/\/delale.bplaced.net\/kroatien\/wp-content\/uploads\/2025\/12\/dubrovnik-1024x683.jpg\" alt=\"\" class=\"wp-image-35 size-large\" srcset=\"https:\/\/delale.bplaced.net\/kroatien\/wp-content\/uploads\/2025\/12\/dubrovnik-1024x683.jpg 1024w, https:\/\/delale.bplaced.net\/kroatien\/wp-content\/uploads\/2025\/12\/dubrovnik-300x200.jpg 300w, https:\/\/delale.bplaced.net\/kroatien\/wp-content\/uploads\/2025\/12\/dubrovnik-768x512.jpg 768w, https:\/\/delale.bplaced.net\/kroatien\/wp-content\/uploads\/2025\/12\/dubrovnik-1536x1024.jpg 1536w, https:\/\/delale.bplaced.net\/kroatien\/wp-content\/uploads\/2025\/12\/dubrovnik-2048x1366.jpg 2048w\" sizes=\"auto, (max-width: 1024px) 100vw, 1024px\" \/><\/figure><\/div>\n\n\n\n<div style=\"height:2rem\" aria-hidden=\"true\" class=\"wp-block-spacer\"><\/div>\n\n\n\n<div class=\"wp-block-columns is-layout-flex wp-container-core-columns-is-layout-28f84493 wp-block-columns-is-layout-flex\">\n<div class=\"wp-block-column is-layout-flow wp-block-column-is-layout-flow\" style=\"flex-basis:100%\">\n<div class=\"wp-block-group alignfull is-style-section-2 has-base-color has-main-background-color has-text-color has-background has-link-color wp-elements-5b145133a6cafa071d738f2ca80af1f9 is-layout-grid wp-container-core-group-is-layout-52ae0ff1 wp-block-group-is-layout-grid\">\n<p class=\"wp-container-content-60f004bf\">Die Republik Kroatien (Republik Hrvatska) ist ein mediterraner, mitteleurop\u00e4ischer Staat und hat ein Gr\u00f6\u00dfe von mehr als 56.000 Quadratkilometern. Als Nachbarl\u00e4nder grenzen Slowenien, Ungarn, Serbien, Bosnien und Herzegowina, Montenegro und Italien (Seegrenze) an Kroatien. Das Land ist meist h\u00fcgelig und im K\u00fcstengebiet gibt es unz\u00e4hlige Inseln. Zu Kroatin geh\u00f6ren noch rund 32.000 Quadratkilometer Meer. Lange, warme Sommer und kalte Winter pr\u00e4gen das Klima. Der Fr\u00fchling und der Herbst sind weniger ausgepr\u00e4gt.<\/p>\n\n\n\n<p>Der kroatische Staat hat jedoch mehr als nur eine wundersch\u00f6ne K\u00fcstenregion zu bieten. In Inland finden Naturfreunde, Bergsteiger, Wintersportler und J\u00e4ger jede Menge Natursch\u00f6nheiten. Es gibt viel zu entdecken. Bereits jetzt sind 7,5 % des Landes gesch\u00fctzt. Diese Fl\u00e4che soll auf das doppelte vergr\u00f6\u00dfert werden und Kroatien stellt somit f\u00fcr Europa ein sehr wertvolles \u00f6kologisch reines Gebiet dar.<\/p>\n\n\n\n<p>Zagreb ist die Landeshauptstadt und z\u00e4hlt man die Vororte hinzu leben hier 1 Mio. Menschen. 1994 feierte Zagreb 900 Jahre Bistumsgr\u00fcndung. Insgesamt hat Kroatien 5 Mio. Einwohner, hiervon sind 90 % Kroaten. Die restlichen 10% setzen sich haupts\u00e4chlich aus Serben, Ungarn, Italienern, Deutschen und anderen Staaten zusammen. Viele kroatische Staatsangeh\u00f6rige leben im Ausland, z.B. 215.000 in Deutschland.<\/p>\n\n\n\n<p>Die Landessprache ist Kroatisch, jedoch ist in stark ethnischen Gebieten die Amtssprache Serbisch, Ungarisch und Italienisch. Der \u00fcberwiegende Teil \u00fcbt die r\u00f6misch-katholische Religion aus, in der Minderheit hingegen befinden sich die serbisch-orthodoxen und muslimisch Gl\u00e4ubigen. Der 25. Juni ist der Nationalfeiertag, denn am 25.06.1991 wurde die Unabh\u00e4ngigkeitserkl\u00e4rung abgegeben. Mittlerweile hat Kroatien den Euro als Landesw\u00e4hrung eingef\u00fchrt.<\/p>\n<\/div>\n<\/div>\n<\/div>\n\n\n\n<div class=\"wp-block-cover alignfull has-parallax\"><div role=\"img\" aria-label=\"Wundersch\u00f6ne Inseln\" class=\"wp-block-cover__image-background wp-image-45 size-large has-parallax\" style=\"background-position:50% 50%;background-image:url(https:\/\/delale.bplaced.net\/kroatien\/wp-content\/uploads\/2025\/12\/bolstrand-1024x683.jpg)\"><\/div><span aria-hidden=\"true\" class=\"wp-block-cover__background has-background-dim-80 has-background-dim\" style=\"background-color:#3e5062\"><\/span><div class=\"wp-block-cover__inner-container is-layout-constrained wp-block-cover-is-layout-constrained\">\n<p class=\"has-text-align-center has-contrast-color has-text-color has-link-color has-large-font-size wp-elements-f50ee08f3053abe223082f9ebc874760\">Wundersch\u00f6ne Inseln!<\/p>\n<\/div><\/div>\n\n\n\n<div style=\"height:100px\" aria-hidden=\"true\" class=\"wp-block-spacer\"><\/div>\n\n\n\n<div class=\"wp-block-buttons is-content-justification-center is-layout-flex wp-container-core-buttons-is-layout-a89b3969 wp-block-buttons-is-layout-flex\">\n<div class=\"wp-block-button\"><a class=\"wp-block-button__link has-base-color has-contrast-background-color has-text-color has-background has-link-color has-text-align-left wp-element-button\" href=\"https:\/\/de.wikipedia.org\/wiki\/Kroatien\">Information zu Kroatien<\/a><\/div>\n<\/div>\n\n\n\n<div style=\"height:100px\" aria-hidden=\"true\" class=\"wp-block-spacer\"><\/div>\n\n\n\n<p><\/p>\n\n\n\n<div class=\"wp-block-group is-nowrap is-layout-flex wp-container-core-group-is-layout-6c531013 wp-block-group-is-layout-flex\">\n<div class=\"wp-block-group has-tertiary-background-color has-background\" style=\"border-radius:5px;padding-top:var(--wp--preset--spacing--large);padding-right:var(--wp--preset--spacing--large);padding-bottom:var(--wp--preset--spacing--large);padding-left:var(--wp--preset--spacing--large)\"><div class=\"wp-block-group__inner-container is-layout-constrained wp-container-core-group-is-layout-5fbedae1 wp-block-group-is-layout-constrained\">\n<div class=\"wp-block-cover alignfull is-light has-parallax is-style-rounded-cover\" style=\"min-height:100vh;aspect-ratio:unset;\"><div class=\"wp-block-cover__image-background wp-image-43 size-large has-parallax\" style=\"background-position:50% 50%;background-image:url(https:\/\/delale.bplaced.net\/kroatien\/wp-content\/uploads\/2025\/12\/budikovac-1024x576.jpg)\"><\/div><span aria-hidden=\"true\" class=\"wp-block-cover__background has-background-dim-0 has-background-dim\" style=\"background-color:#b8b4b6\"><\/span><div class=\"wp-block-cover__inner-container is-layout-flow wp-block-cover-is-layout-flow\">\n<p class=\"has-text-align-center\"><\/p>\n<\/div><\/div>\n\n\n\n<div class=\"wp-block-columns is-layout-flex wp-container-core-columns-is-layout-318252f0 wp-block-columns-is-layout-flex\">\n<div class=\"wp-block-column is-vertically-aligned-top is-layout-flow wp-container-core-column-is-layout-a02c74b6 wp-block-column-is-layout-flow\" style=\"padding-top:var(--wp--preset--spacing--30);padding-bottom:var(--wp--preset--spacing--30);flex-basis:66.66%\">\n<p>Urlaub in Kroatien<\/p>\n\n\n\n<p class=\"has-medium-font-size\" style=\"padding-top:0;padding-right:0;padding-bottom:0;padding-left:0;font-style:normal;font-weight:600\">Lassen Sie sich f\u00fcr ihren n\u00e4chsten Urlaub inspirieren!Freuen Sie sich auf wundersch\u00f6ne Buchten und kristallklares Wasser! Baden Sie in der Adria, entspannen Sie an herrlichen Str\u00e4nde und schlemmen Sie durch die kroatische K\u00fcche<\/p>\n\n\n\n<div class=\"wp-block-buttons is-layout-flex wp-block-buttons-is-layout-flex\" style=\"margin-top:var(--wp--preset--spacing--medium)\">\n<div class=\"wp-block-button has-custom-width wp-block-button__width-100 lemonsqueezy-button\"><a class=\"wp-block-button__link wp-element-button\" href=\"https:\/\/de.wikipedia.org\/wiki\/Kroatien\">weitere Informationen<\/a><\/div>\n<\/div>\n<\/div>\n\n\n\n<div class=\"wp-block-column is-vertically-aligned-center is-layout-flow wp-block-column-is-layout-flow\" style=\"flex-basis:33.33%\"><\/div>\n<\/div>\n<\/div><\/div>\n<\/div>\n\n\n\n<p><\/p>\n","protected":false},"excerpt":{"rendered":"<p>Kroatien ist ein kleines Land mit unglaublicher Vielfalt und z\u00e4hlt mit seiner K\u00fcste zu den sch\u00f6nsten und abwechslungsreichsten L\u00e4ndern Europas. Es verzaubert und fasziniert zugleich j\u00e4hrlich Millionen von Besucher:innen. Die Republik Kroatien (Republik Hrvatska) ist ein mediterraner, mitteleurop\u00e4ischer Staat und hat ein Gr\u00f6\u00dfe von mehr als 56.000 Quadratkilometern. Als Nachbarl\u00e4nder [&hellip;]<\/p>\n","protected":false},"author":1,"featured_media":0,"parent":0,"menu_order":0,"comment_status":"closed","ping_status":"closed","template":"","meta":{"footnotes":""},"class_list":["post-33","page","type-page","status-publish","hentry"],"_links":{"self":[{"href":"https:\/\/delale.bplaced.net\/kroatien\/wp-json\/wp\/v2\/pages\/33","targetHints":{"allow":["GET"]}}],"collection":[{"href":"https:\/\/delale.bplaced.net\/kroatien\/wp-json\/wp\/v2\/pages"}],"about":[{"href":"https:\/\/delale.bplaced.net\/kroatien\/wp-json\/wp\/v2\/types\/page"}],"author":[{"embeddable":true,"href":"https:\/\/delale.bplaced.net\/kroatien\/wp-json\/wp\/v2\/users\/1"}],"replies":[{"embeddable":true,"href":"https:\/\/delale.bplaced.net\/kroatien\/wp-json\/wp\/v2\/comments?post=33"}],"version-history":[{"count":12,"href":"https:\/\/delale.bplaced.net\/kroatien\/wp-json\/wp\/v2\/pages\/33\/revisions"}],"predecessor-version":[{"id":369,"href":"https:\/\/delale.bplaced.net\/kroatien\/wp-json\/wp\/v2\/pages\/33\/revisions\/369"}],"wp:attachment":[{"href":"https:\/\/delale.bplaced.net\/kroatien\/wp-json\/wp\/v2\/media?parent=33"}],"curies":[{"name":"wp","href":"https:\/\/api.w.org\/{rel}","templated":true}]}}